{"id":71,"date":"2016-12-12T10:21:12","date_gmt":"2016-12-12T09:21:12","guid":{"rendered":"http:\/\/www.lecoeurelephant.com\/?page_id=71"},"modified":"2017-03-27T11:07:24","modified_gmt":"2017-03-27T09:07:24","slug":"voyage-nouvelle-zelande","status":"publish","type":"page","link":"http:\/\/www.lecoeurelephant.com\/gb\/voyage-nouvelle-zelande\/","title":{"rendered":"Notre Voyage en Nouvelle-Z\u00e9lande"},"content":{"rendered":"<p style=\"text-align: center;\">La Nouvelle-Z\u00e9lande, notre future grande aventure ! Nous avons choisi l&#8217;option <a href=\"https:\/\/pvtistes.net\/\">PVT<\/a><span class=\"text_exposed_show\"> &#8220;permis vacances travail&#8221; qui nous emm\u00e8nera \u00e0 d\u00e9couvrir et vous faire d\u00e9couvrir ce pays magnifique. Nous avons h\u00e2te de partir \u00e0 l&#8217;autre bout du monde vivre cette nouvelle aventure. <\/span><\/p>\n<p style=\"text-align: center;\"><span class=\"text_exposed_show\">M<\/span>ais la patience est de mise, alors patientez avec nous, nos petits \u00e9l\u00e9phants !<\/p>\n","protected":false},"excerpt":{"rendered":"<p>La Nouvelle-Z\u00e9lande, notre future grande aventure ! Nous avons choisi l&#8217;option PVT &#8220;permis vacances travail&#8221; qui nous emm\u00e8nera \u00e0 d\u00e9couvrir et vous faire d\u00e9couvrir ce pays magnifique. Nous avons h\u00e2te de partir \u00e0 l&#8217;autre bout du monde vivre cette nouvelle aventure. Mais la patience est de mise, alors patientez avec nous, nos petits \u00e9l\u00e9phants !<\/p>\n","protected":false},"author":1,"featured_media":0,"parent":0,"menu_order":1,"comment_status":"closed","ping_status":"closed","template":"","meta":{"spay_email":""},"translation":{"provider":"WPGlobus","version":"3.0.1","language":"gb","enabled_languages":["fr","gb"],"languages":{"fr":{"title":true,"content":true,"excerpt":false},"gb":{"title":false,"content":false,"excerpt":false}}},"yoast_head":"<!-- This site is optimized with the Yoast SEO plugin v19.13 - https:\/\/yoast.com\/wordpress\/plugins\/seo\/ -->\n<title>Notre Voyage en Nouvelle-Z\u00e9lande - Le Coeur \u00c9l\u00e9phant<\/title>\n<meta name=\"robots\" content=\"index, follow, max-snippet:-1, max-image-preview:large, max-video-preview:-1\" \/>\n<link rel=\"canonical\" href=\"http:\/\/www.lecoeurelephant.com\/gb\/voyage-nouvelle-zelande\/\" \/>\n<meta property=\"og:locale\" content=\"en_GB\" \/>\n<meta property=\"og:type\" content=\"article\" \/>\n<meta property=\"og:title\" content=\"Notre Voyage en Nouvelle-Z\u00e9lande - Le Coeur \u00c9l\u00e9phant\" \/>\n<meta property=\"og:url\" content=\"http:\/\/www.lecoeurelephant.com\/gb\/voyage-nouvelle-zelande\/\" \/>\n<meta property=\"og:site_name\" content=\"Le Coeur \u00c9l\u00e9phant\" \/>\n<meta property=\"article:modified_time\" content=\"2017-03-27T09:07:24+00:00\" \/>\n<meta name=\"twitter:card\" content=\"summary_large_image\" \/>\n<script type=\"application\/ld+json\" class=\"yoast-schema-graph\">{\"@context\":\"https:\/\/schema.org\",\"@graph\":[{\"@type\":\"WebPage\",\"@id\":\"http:\/\/www.lecoeurelephant.com\/gb\/voyage-nouvelle-zelande\/\",\"url\":\"http:\/\/www.lecoeurelephant.com\/gb\/voyage-nouvelle-zelande\/\",\"name\":\"Notre Voyage en Nouvelle-Z\u00e9lande - Le Coeur \u00c9l\u00e9phant\",\"isPartOf\":{\"@id\":\"http:\/\/www.lecoeurelephant.com\/#website\"},\"datePublished\":\"2016-12-12T09:21:12+00:00\",\"dateModified\":\"2017-03-27T09:07:24+00:00\",\"breadcrumb\":{\"@id\":\"http:\/\/www.lecoeurelephant.com\/gb\/voyage-nouvelle-zelande\/#breadcrumb\"},\"inLanguage\":\"en-GB\",\"potentialAction\":[{\"@type\":\"ReadAction\",\"target\":[\"http:\/\/www.lecoeurelephant.com\/gb\/voyage-nouvelle-zelande\/\"]}]},{\"@type\":\"BreadcrumbList\",\"@id\":\"http:\/\/www.lecoeurelephant.com\/gb\/voyage-nouvelle-zelande\/#breadcrumb\",\"itemListElement\":[{\"@type\":\"ListItem\",\"position\":1,\"name\":\"Accueil\",\"item\":\"http:\/\/www.lecoeurelephant.com\/\"},{\"@type\":\"ListItem\",\"position\":2,\"name\":\"Notre Voyage en Nouvelle-Z\u00e9lande\"}]},{\"@type\":\"WebSite\",\"@id\":\"http:\/\/www.lecoeurelephant.com\/#website\",\"url\":\"http:\/\/www.lecoeurelephant.com\/\",\"name\":\"Le Coeur \u00c9l\u00e9phant\",\"description\":\"Travelers bloggers - our impressions, advices and travel tips\",\"potentialAction\":[{\"@type\":\"SearchAction\",\"target\":{\"@type\":\"EntryPoint\",\"urlTemplate\":\"http:\/\/www.lecoeurelephant.com\/?s={search_term_string}\"},\"query-input\":\"required name=search_term_string\"}],\"inLanguage\":\"en-GB\"}]}<\/script>\n<!-- \/ Yoast SEO plugin. -->","yoast_head_json":{"title":"Notre Voyage en Nouvelle-Z\u00e9lande - Le Coeur \u00c9l\u00e9phant","robots":{"index":"index","follow":"follow","max-snippet":"max-snippet:-1","max-image-preview":"max-image-preview:large","max-video-preview":"max-video-preview:-1"},"canonical":"http:\/\/www.lecoeurelephant.com\/gb\/voyage-nouvelle-zelande\/","og_locale":"en_GB","og_type":"article","og_title":"Notre Voyage en Nouvelle-Z\u00e9lande - Le Coeur \u00c9l\u00e9phant","og_url":"http:\/\/www.lecoeurelephant.com\/gb\/voyage-nouvelle-zelande\/","og_site_name":"Le Coeur \u00c9l\u00e9phant","article_modified_time":"2017-03-27T09:07:24+00:00","twitter_card":"summary_large_image","schema":{"@context":"https:\/\/schema.org","@graph":[{"@type":"WebPage","@id":"http:\/\/www.lecoeurelephant.com\/gb\/voyage-nouvelle-zelande\/","url":"http:\/\/www.lecoeurelephant.com\/gb\/voyage-nouvelle-zelande\/","name":"Notre Voyage en Nouvelle-Z\u00e9lande - Le Coeur \u00c9l\u00e9phant","isPartOf":{"@id":"http:\/\/www.lecoeurelephant.com\/#website"},"datePublished":"2016-12-12T09:21:12+00:00","dateModified":"2017-03-27T09:07:24+00:00","breadcrumb":{"@id":"http:\/\/www.lecoeurelephant.com\/gb\/voyage-nouvelle-zelande\/#breadcrumb"},"inLanguage":"en-GB","potentialAction":[{"@type":"ReadAction","target":["http:\/\/www.lecoeurelephant.com\/gb\/voyage-nouvelle-zelande\/"]}]},{"@type":"BreadcrumbList","@id":"http:\/\/www.lecoeurelephant.com\/gb\/voyage-nouvelle-zelande\/#breadcrumb","itemListElement":[{"@type":"ListItem","position":1,"name":"Accueil","item":"http:\/\/www.lecoeurelephant.com\/"},{"@type":"ListItem","position":2,"name":"Notre Voyage en Nouvelle-Z\u00e9lande"}]},{"@type":"WebSite","@id":"http:\/\/www.lecoeurelephant.com\/#website","url":"http:\/\/www.lecoeurelephant.com\/","name":"Le Coeur \u00c9l\u00e9phant","description":"Travelers bloggers - our impressions, advices and travel tips","potentialAction":[{"@type":"SearchAction","target":{"@type":"EntryPoint","urlTemplate":"http:\/\/www.lecoeurelephant.com\/?s={search_term_string}"},"query-input":"required name=search_term_string"}],"inLanguage":"en-GB"}]}},"_links":{"self":[{"href":"http:\/\/www.lecoeurelephant.com\/gb\/wp-json\/wp\/v2\/pages\/71"}],"collection":[{"href":"http:\/\/www.lecoeurelephant.com\/gb\/wp-json\/wp\/v2\/pages"}],"about":[{"href":"http:\/\/www.lecoeurelephant.com\/gb\/wp-json\/wp\/v2\/types\/page"}],"author":[{"embeddable":true,"href":"http:\/\/www.lecoeurelephant.com\/gb\/wp-json\/wp\/v2\/users\/1"}],"replies":[{"embeddable":true,"href":"http:\/\/www.lecoeurelephant.com\/gb\/wp-json\/wp\/v2\/comments?post=71"}],"version-history":[{"count":0,"href":"http:\/\/www.lecoeurelephant.com\/gb\/wp-json\/wp\/v2\/pages\/71\/revisions"}],"wp:attachment":[{"href":"http:\/\/www.lecoeurelephant.com\/gb\/wp-json\/wp\/v2\/media?parent=71"}],"curies":[{"name":"wp","href":"https:\/\/api.w.org\/{rel}","templated":true}]}}