{"id":73,"date":"2016-12-12T10:21:26","date_gmt":"2016-12-12T09:21:26","guid":{"rendered":"http:\/\/www.lecoeurelephant.com\/?page_id=73"},"modified":"2017-04-07T07:42:40","modified_gmt":"2017-04-07T05:42:40","slug":"a-propos","status":"publish","type":"page","link":"http:\/\/www.lecoeurelephant.com\/gb\/a-propos\/","title":{"rendered":"Qui-sommes-nous?"},"content":{"rendered":"<div style=\"text-align: justify;\">\n<p><strong><img loading=\"lazy\" class=\"size-large wp-image-133 aligncenter\" src=\"http:\/\/www.lecoeurelephant.com\/wp-content\/uploads\/2016\/12\/Couv-1024x359.png\" alt=\"\" width=\"1024\" height=\"359\" srcset=\"http:\/\/www.lecoeurelephant.com\/wp-content\/uploads\/2016\/12\/Couv.png 1024w, http:\/\/www.lecoeurelephant.com\/wp-content\/uploads\/2016\/12\/Couv-300x105.png 300w, http:\/\/www.lecoeurelephant.com\/wp-content\/uploads\/2016\/12\/Couv-768x269.png 768w\" sizes=\"(max-width: 1024px) 100vw, 1024px\" \/><\/strong><\/p>\n<p>&nbsp;<\/p>\n<h5><span style=\"color: #993300;\"><strong>Bienvenue sur notre\u00a0blog<\/strong><\/span><\/h5>\n<p>Nous sommes Jessica &amp; Bastien un petit couple d&#8217;amoureux passionn\u00e9s de voyages et de d\u00e9couvertes.<\/p>\n<p>Nous n&#8217;avons pas vocation \u00e0 \u00eatre de v\u00e9ritables baroudeurs, ni m\u00eame ce qu&#8217;on pourrait qualifier de &#8220;globe-trotter&#8221;, non, notre but \u00e0 travers ce site, c&#8217;est simplement de partager avec vous nos aventures, nos d\u00e9couvertes, nos bons plans (ou mauvais), nos itin\u00e9raires et, pourquoi pas, vous donner l&#8217;envie de visiter un lieu, une ville ou un pays.<br \/>\nVous l&#8217;aurez compris, nous ne sommes en rien des professionnels mais partager nos exp\u00e9riences de couple \u00e9tape par \u00e9tape, de voyage en voyage, nous parait \u00eatre un objectif tout \u00e0 fait positif.<\/p>\n<h5><span style=\"color: #993300;\"><strong>Petite pr\u00e9sentation personnelle<\/strong><\/span><\/h5>\n<p>Jessica , 25 ans, 1,67m au garrot, v\u00e9g\u00e9tarienne depuis 2012. Passionn\u00e9e de musique, de dessin et de cuisine. Aime la nature et les animaux, d\u00e9teste le syst\u00e8me et les gens qui le dirige. Tr\u00e8s gourmande,\u00a0tatou\u00e9e par 2 fois. Dit souvent &#8220;Qui ne tente rien, n&#8217;a rien.&#8221;<\/p>\n<p>Bastien, 26 ans, 1,80m, amateur de sports extr\u00eames, de nombreuses ann\u00e9es de v\u00e9lo de descente et de moto cross \u00e0 son actif. Passionn\u00e9 de multim\u00e9dia, photographie et technologie. \u00a0Aime faire des rencontres et partager, d\u00e9teste les gens au volant et qu&#8217;on lui chatouille les pieds. Bricoleur et d\u00e9brouillard, dit souvent &#8220;Il faut rester positif&#8221;.<\/p>\n<p>Nous nous sommes rencontr\u00e9s durant nos \u00e9tudes en communication visuelle, nous \u00e9tions de simples coll\u00e8ges puis nos chemins se sont s\u00e9par\u00e9s. Quelques ann\u00e9es plus tard, Bastien invite son ancienne \u00e9quipe de travail \u00e0 son anniversaire, nous reprenons contact, et quelques mois plus tard &#8230;. Nous tombons amoureux.<\/p>\n<\/div>\n<div style=\"text-align: justify;\">\n<p>Notre \u00e9quipe est n\u00e9e.<\/p>\n<h5><span style=\"color: #993300;\"><strong>Pourquoi ce nom ?<\/strong><\/span><\/h5>\n<p>Sommes-nous des fans inv\u00e9t\u00e9r\u00e9s des Freros Delavega ? Pas vraiment, pourtant nous appr\u00e9cions tous les deux leur musique et la chanson s&#8217;est impos\u00e9e \u00e0 nous alors que nous cherchions \u00e0 un nom ad\u00e9quat pour notre blog.<br \/>\nNous vous laissons juger par vous m\u00eame du sens des mots :\u00a0<a href=\"https:\/\/youtu.be\/NHhmDhzqzcA\">https:\/\/youtu.be\/NHhmDhzqzcA<\/a><\/p>\n<\/div>\n<div style=\"text-align: justify;\">\n<p>Nous vous souhaitons une bonne visite et esp\u00e9rons que vous appr\u00e9cierez la lecture.<br \/>\nBisous \u00c9l\u00e9phants\u00a0!<\/p>\n<p>&nbsp;<\/p>\n<p><img loading=\"lazy\" class=\"size-large wp-image-135 aligncenter\" src=\"http:\/\/www.lecoeurelephant.com\/wp-content\/uploads\/2016\/12\/end-1024x359.png\" alt=\"\" width=\"1024\" height=\"359\" srcset=\"http:\/\/www.lecoeurelephant.com\/wp-content\/uploads\/2016\/12\/end.png 1024w, http:\/\/www.lecoeurelephant.com\/wp-content\/uploads\/2016\/12\/end-300x105.png 300w, http:\/\/www.lecoeurelephant.com\/wp-content\/uploads\/2016\/12\/end-768x269.png 768w\" sizes=\"(max-width: 1024px) 100vw, 1024px\" \/><\/p>\n<\/div>\n","protected":false},"excerpt":{"rendered":"<p>&nbsp; Bienvenue sur notre\u00a0blog Nous sommes Jessica &amp; Bastien un petit couple d&#8217;amoureux passionn\u00e9s de voyages et de d\u00e9couvertes. Nous n&#8217;avons pas vocation \u00e0 \u00eatre de v\u00e9ritables baroudeurs, ni m\u00eame ce qu&#8217;on pourrait qualifier de &#8220;globe-trotter&#8221;, non, notre but \u00e0 travers ce site, c&#8217;est simplement de partager avec vous nos aventures, nos d\u00e9couvertes, nos bons [&hellip;]<\/p>\n","protected":false},"author":1,"featured_media":0,"parent":0,"menu_order":2,"comment_status":"closed","ping_status":"closed","template":"","meta":{"spay_email":""},"translation":{"provider":"WPGlobus","version":"3.0.1","language":"gb","enabled_languages":["fr","gb"],"languages":{"fr":{"title":true,"content":true,"excerpt":false},"gb":{"title":false,"content":false,"excerpt":false}}},"yoast_head":"<!-- This site is optimized with the Yoast SEO plugin v19.13 - https:\/\/yoast.com\/wordpress\/plugins\/seo\/ -->\n<title>Qui-sommes-nous? - Le Coeur \u00c9l\u00e9phant<\/title>\n<meta name=\"robots\" content=\"index, follow, max-snippet:-1, max-image-preview:large, max-video-preview:-1\" \/>\n<link rel=\"canonical\" href=\"http:\/\/www.lecoeurelephant.com\/a-propos\/\" \/>\n<meta property=\"og:locale\" content=\"en_GB\" \/>\n<meta property=\"og:type\" content=\"article\" \/>\n<meta property=\"og:title\" content=\"Qui-sommes-nous? - Le Coeur \u00c9l\u00e9phant\" \/>\n<meta property=\"og:url\" content=\"http:\/\/www.lecoeurelephant.com\/a-propos\/\" \/>\n<meta property=\"og:site_name\" content=\"Le Coeur \u00c9l\u00e9phant\" \/>\n<meta property=\"article:modified_time\" content=\"2017-04-07T05:42:40+00:00\" \/>\n<meta property=\"og:image\" content=\"http:\/\/www.lecoeurelephant.com\/wp-content\/uploads\/2016\/12\/Couv-1024x359.png\" \/>\n<meta name=\"twitter:card\" content=\"summary_large_image\" \/>\n<meta name=\"twitter:label1\" content=\"Est. reading time\" \/>\n\t<meta name=\"twitter:data1\" content=\"2 minutes\" \/>\n<script type=\"application\/ld+json\" class=\"yoast-schema-graph\">{\"@context\":\"https:\/\/schema.org\",\"@graph\":[{\"@type\":\"WebPage\",\"@id\":\"http:\/\/www.lecoeurelephant.com\/a-propos\/\",\"url\":\"http:\/\/www.lecoeurelephant.com\/a-propos\/\",\"name\":\"Qui-sommes-nous? - Le Coeur \u00c9l\u00e9phant\",\"isPartOf\":{\"@id\":\"http:\/\/www.lecoeurelephant.com\/#website\"},\"datePublished\":\"2016-12-12T09:21:26+00:00\",\"dateModified\":\"2017-04-07T05:42:40+00:00\",\"breadcrumb\":{\"@id\":\"http:\/\/www.lecoeurelephant.com\/a-propos\/#breadcrumb\"},\"inLanguage\":\"en-GB\",\"potentialAction\":[{\"@type\":\"ReadAction\",\"target\":[\"http:\/\/www.lecoeurelephant.com\/a-propos\/\"]}]},{\"@type\":\"BreadcrumbList\",\"@id\":\"http:\/\/www.lecoeurelephant.com\/a-propos\/#breadcrumb\",\"itemListElement\":[{\"@type\":\"ListItem\",\"position\":1,\"name\":\"Accueil\",\"item\":\"http:\/\/www.lecoeurelephant.com\/\"},{\"@type\":\"ListItem\",\"position\":2,\"name\":\"Qui-sommes-nous?\"}]},{\"@type\":\"WebSite\",\"@id\":\"http:\/\/www.lecoeurelephant.com\/#website\",\"url\":\"http:\/\/www.lecoeurelephant.com\/\",\"name\":\"Le Coeur \u00c9l\u00e9phant\",\"description\":\"Travelers bloggers - our impressions, advices and travel tips\",\"potentialAction\":[{\"@type\":\"SearchAction\",\"target\":{\"@type\":\"EntryPoint\",\"urlTemplate\":\"http:\/\/www.lecoeurelephant.com\/?s={search_term_string}\"},\"query-input\":\"required name=search_term_string\"}],\"inLanguage\":\"en-GB\"}]}<\/script>\n<!-- \/ Yoast SEO plugin. -->","yoast_head_json":{"title":"Qui-sommes-nous? - Le Coeur \u00c9l\u00e9phant","robots":{"index":"index","follow":"follow","max-snippet":"max-snippet:-1","max-image-preview":"max-image-preview:large","max-video-preview":"max-video-preview:-1"},"canonical":"http:\/\/www.lecoeurelephant.com\/a-propos\/","og_locale":"en_GB","og_type":"article","og_title":"Qui-sommes-nous? - Le Coeur \u00c9l\u00e9phant","og_url":"http:\/\/www.lecoeurelephant.com\/a-propos\/","og_site_name":"Le Coeur \u00c9l\u00e9phant","article_modified_time":"2017-04-07T05:42:40+00:00","og_image":[{"url":"http:\/\/www.lecoeurelephant.com\/wp-content\/uploads\/2016\/12\/Couv-1024x359.png"}],"twitter_card":"summary_large_image","twitter_misc":{"Est. reading time":"2 minutes"},"schema":{"@context":"https:\/\/schema.org","@graph":[{"@type":"WebPage","@id":"http:\/\/www.lecoeurelephant.com\/a-propos\/","url":"http:\/\/www.lecoeurelephant.com\/a-propos\/","name":"Qui-sommes-nous? - Le Coeur \u00c9l\u00e9phant","isPartOf":{"@id":"http:\/\/www.lecoeurelephant.com\/#website"},"datePublished":"2016-12-12T09:21:26+00:00","dateModified":"2017-04-07T05:42:40+00:00","breadcrumb":{"@id":"http:\/\/www.lecoeurelephant.com\/a-propos\/#breadcrumb"},"inLanguage":"en-GB","potentialAction":[{"@type":"ReadAction","target":["http:\/\/www.lecoeurelephant.com\/a-propos\/"]}]},{"@type":"BreadcrumbList","@id":"http:\/\/www.lecoeurelephant.com\/a-propos\/#breadcrumb","itemListElement":[{"@type":"ListItem","position":1,"name":"Accueil","item":"http:\/\/www.lecoeurelephant.com\/"},{"@type":"ListItem","position":2,"name":"Qui-sommes-nous?"}]},{"@type":"WebSite","@id":"http:\/\/www.lecoeurelephant.com\/#website","url":"http:\/\/www.lecoeurelephant.com\/","name":"Le Coeur \u00c9l\u00e9phant","description":"Travelers bloggers - our impressions, advices and travel tips","potentialAction":[{"@type":"SearchAction","target":{"@type":"EntryPoint","urlTemplate":"http:\/\/www.lecoeurelephant.com\/?s={search_term_string}"},"query-input":"required name=search_term_string"}],"inLanguage":"en-GB"}]}},"_links":{"self":[{"href":"http:\/\/www.lecoeurelephant.com\/gb\/wp-json\/wp\/v2\/pages\/73"}],"collection":[{"href":"http:\/\/www.lecoeurelephant.com\/gb\/wp-json\/wp\/v2\/pages"}],"about":[{"href":"http:\/\/www.lecoeurelephant.com\/gb\/wp-json\/wp\/v2\/types\/page"}],"author":[{"embeddable":true,"href":"http:\/\/www.lecoeurelephant.com\/gb\/wp-json\/wp\/v2\/users\/1"}],"replies":[{"embeddable":true,"href":"http:\/\/www.lecoeurelephant.com\/gb\/wp-json\/wp\/v2\/comments?post=73"}],"version-history":[{"count":0,"href":"http:\/\/www.lecoeurelephant.com\/gb\/wp-json\/wp\/v2\/pages\/73\/revisions"}],"wp:attachment":[{"href":"http:\/\/www.lecoeurelephant.com\/gb\/wp-json\/wp\/v2\/media?parent=73"}],"curies":[{"name":"wp","href":"https:\/\/api.w.org\/{rel}","templated":true}]}}